{"id":4948,"date":"2018-01-04T13:47:55","date_gmt":"2018-01-04T13:47:55","guid":{"rendered":"https:\/\/keydesign-themes.com\/leadengine\/?page_id=4948"},"modified":"2022-01-04T18:49:01","modified_gmt":"2022-01-05T00:49:01","slug":"home","status":"publish","type":"page","link":"https:\/\/silogiat.net\/es\/","title":{"rendered":"Home"},"content":{"rendered":"<div class=\"wpb-content-wrapper\"><p>[vc_row][vc_column]\n\t\t\t<!-- START Transport Slider REVOLUTION SLIDER 6.7.18 --><p class=\"rs-p-wp-fix\"><\/p>\n\t\t\t<rs-module-wrap id=\"rev_slider_1_1_wrapper\" data-source=\"gallery\" style=\"visibility:hidden;background:#ffffff;padding:0;margin:0px auto;margin-top:0;margin-bottom:0;\">\n\t\t\t\t<rs-module id=\"rev_slider_1_1\" style=\"\" data-version=\"6.7.18\">\n\t\t\t\t\t<rs-slides style=\"overflow: hidden; position: absolute;\">\n\t\t\t\t\t\t<rs-slide style=\"position: absolute;\" data-key=\"rs-1\" data-title=\"Slide1\" data-thumb=\"\/\/silogiat.net\/es\/wp-content\/uploads\/2018\/07\/VERACRUZ03-60x60.jpg\" data-duration=\"6000\" data-anim=\"adpr:false;\">\n\t\t\t\t\t\t\t<img decoding=\"async\" src=\"\/\/silogiat.net\/es\/wp-content\/plugins\/revslider\/sr6\/assets\/assets\/dummy.png\" alt=\"\" title=\"Home\" class=\"rev-slidebg tp-rs-img rs-lazyload\" data-lazyload=\"\/\/silogiat.net\/es\/wp-content\/uploads\/2018\/07\/VERACRUZ03.jpg\" data-parallax=\"10\" data-no-retina>\n<!--\n\t\t\t\t\t\t\t--><h2\n\t\t\t\t\t\t\t\tid=\"slider-1-slide-1-layer-1\" \n\t\t\t\t\t\t\t\tclass=\"rs-layer\"\n\t\t\t\t\t\t\t\tdata-type=\"text\"\n\t\t\t\t\t\t\t\tdata-color=\"rgba(255, 255, 255, 1)\"\n\t\t\t\t\t\t\t\tdata-rsp_ch=\"on\"\n\t\t\t\t\t\t\t\tdata-xy=\"x:l,l,c,c;xo:100px,100px,0,0;y:m;yo:-120px,-120px,-70px,-40px;\"\n\t\t\t\t\t\t\t\tdata-text=\"s:42,42,36,25;l:25,25,40,50;ls:-1px;fw:700,700,400,400;\"\n\t\t\t\t\t\t\t\tdata-padding=\"t:10;b:10;\"\n\t\t\t\t\t\t\t\tdata-frame_0=\"tp:600;\"\n\t\t\t\t\t\t\t\tdata-frame_1=\"tp:600;st:500;sp:1000;sR:500;\"\n\t\t\t\t\t\t\t\tdata-frame_999=\"o:0;tp:600;st:5940;sR:4440;\"\n\t\t\t\t\t\t\t\tstyle=\"z-index:5;font-family:'inherit';\"\n\t\t\t\t\t\t\t>Tailor-made logistics services. \n\t\t\t\t\t\t\t<\/h2><!--\n\n\t\t\t\t\t\t\t--><p\n\t\t\t\t\t\t\t\tid=\"slider-1-slide-1-layer-4\" \n\t\t\t\t\t\t\t\tclass=\"rs-layer NotGeneric-SubTitle\"\n\t\t\t\t\t\t\t\tdata-type=\"text\"\n\t\t\t\t\t\t\t\tdata-color=\"rgba(255, 255, 255, 1)\"\n\t\t\t\t\t\t\t\tdata-rsp_ch=\"on\"\n\t\t\t\t\t\t\t\tdata-xy=\"x:l,l,c,c;xo:100px,100px,0,0;y:m;yo:-50px,-50px,0,51px;\"\n\t\t\t\t\t\t\t\tdata-text=\"w:normal,normal,normal,nowrap;s:18,18,14,13;l:28,28,24,20;fw:400,400,500,500;a:left,left,center,left;\"\n\t\t\t\t\t\t\t\tdata-dim=\"w:612px,612px,500px,auto;\"\n\t\t\t\t\t\t\t\tdata-vbility=\"t,t,t,f\"\n\t\t\t\t\t\t\t\tdata-frame_0=\"tp:600;\"\n\t\t\t\t\t\t\t\tdata-frame_1=\"tp:600;st:500;sp:1000;sR:500;\"\n\t\t\t\t\t\t\t\tdata-frame_999=\"o:0;tp:600;st:5940;sR:4440;\"\n\t\t\t\t\t\t\t\tstyle=\"z-index:6;font-family:'inherit';letter-spacing:4px;text-align:left;\"\n\t\t\t\t\t\t\t>Customize each link to align time, cost and operation to the needs of your company or business. \n\t\t\t\t\t\t\t<\/p><!--\n-->\t\t\t\t\t<\/rs-slide>\n\t\t\t\t\t\t<rs-slide style=\"position: absolute;\" data-key=\"rs-2\" data-title=\"Slide1\" data-thumb=\"\/\/silogiat.net\/es\/wp-content\/uploads\/2018\/07\/LAZAROCARDENAS03-60x60.jpg\" data-anim=\"adpr:false;\">\n\t\t\t\t\t\t\t<img decoding=\"async\" src=\"\/\/silogiat.net\/es\/wp-content\/plugins\/revslider\/sr6\/assets\/assets\/dummy.png\" alt=\"\" title=\"Home\" class=\"rev-slidebg tp-rs-img rs-lazyload\" data-lazyload=\"\/\/silogiat.net\/es\/wp-content\/uploads\/2018\/07\/LAZAROCARDENAS03.jpg\" data-parallax=\"10\" data-no-retina>\n<!--\n\t\t\t\t\t\t\t--><h2\n\t\t\t\t\t\t\t\tid=\"slider-1-slide-2-layer-1\" \n\t\t\t\t\t\t\t\tclass=\"rs-layer\"\n\t\t\t\t\t\t\t\tdata-type=\"text\"\n\t\t\t\t\t\t\t\tdata-color=\"rgba(255, 255, 255, 1)\"\n\t\t\t\t\t\t\t\tdata-rsp_ch=\"on\"\n\t\t\t\t\t\t\t\tdata-xy=\"x:l,l,c,c;xo:100px,100px,0,0;y:m;yo:-120px,-120px,-70px,-40px;\"\n\t\t\t\t\t\t\t\tdata-text=\"w:nowrap,nowrap,nowrap,normal;s:42,42,36,25;l:25,25,40,35;ls:-1px;fw:700,700,400,400;a:left,left,left,center;\"\n\t\t\t\t\t\t\t\tdata-dim=\"w:auto,auto,auto,321px;\"\n\t\t\t\t\t\t\t\tdata-padding=\"t:10;b:10;\"\n\t\t\t\t\t\t\t\tdata-frame_0=\"tp:600;\"\n\t\t\t\t\t\t\t\tdata-frame_1=\"tp:600;st:500;sp:1000;sR:500;\"\n\t\t\t\t\t\t\t\tdata-frame_999=\"o:0;tp:600;st:w;sR:7500;\"\n\t\t\t\t\t\t\t\tstyle=\"z-index:5;font-family:'inherit';\"\n\t\t\t\t\t\t\t>Cargo and information in your control. \n\t\t\t\t\t\t\t<\/h2><!--\n\n\t\t\t\t\t\t\t--><p\n\t\t\t\t\t\t\t\tid=\"slider-1-slide-2-layer-4\" \n\t\t\t\t\t\t\t\tclass=\"rs-layer NotGeneric-SubTitle\"\n\t\t\t\t\t\t\t\tdata-type=\"text\"\n\t\t\t\t\t\t\t\tdata-color=\"rgba(255, 255, 255, 1)\"\n\t\t\t\t\t\t\t\tdata-rsp_ch=\"on\"\n\t\t\t\t\t\t\t\tdata-xy=\"x:l,l,c,c;xo:100px,100px,0,0;y:m;yo:-40px,-40px,0,51px;\"\n\t\t\t\t\t\t\t\tdata-text=\"w:normal,normal,normal,nowrap;s:18,18,14,13;l:28,28,24,20;fw:400,400,500,500;a:left,left,center,left;\"\n\t\t\t\t\t\t\t\tdata-dim=\"w:430px,430px,500px,auto;h:87px,87px,auto,auto;\"\n\t\t\t\t\t\t\t\tdata-vbility=\"t,t,t,f\"\n\t\t\t\t\t\t\t\tdata-frame_0=\"tp:600;\"\n\t\t\t\t\t\t\t\tdata-frame_1=\"tp:600;st:500;sp:1000;sR:500;\"\n\t\t\t\t\t\t\t\tdata-frame_999=\"o:0;tp:600;st:w;sR:7500;\"\n\t\t\t\t\t\t\t\tstyle=\"z-index:6;font-family:'inherit';letter-spacing:4px;text-align:left;\"\n\t\t\t\t\t\t\t>Operational detail from origin to destination, for a clearer decision making and take advantage of opportunities. \n\t\t\t\t\t\t\t<\/p><!--\n-->\t\t\t\t\t<\/rs-slide>\n\t\t\t\t\t\t<rs-slide style=\"position: absolute;\" data-key=\"rs-5\" data-title=\"Slide1\" data-thumb=\"\/\/silogiat.net\/es\/wp-content\/uploads\/2018\/07\/NUEVOLAREDO01-60x60.jpg\" data-anim=\"adpr:false;\">\n\t\t\t\t\t\t\t<img decoding=\"async\" src=\"\/\/silogiat.net\/es\/wp-content\/plugins\/revslider\/sr6\/assets\/assets\/dummy.png\" alt=\"\" title=\"Home\" class=\"rev-slidebg tp-rs-img rs-lazyload\" data-lazyload=\"\/\/silogiat.net\/es\/wp-content\/uploads\/2018\/07\/NUEVOLAREDO01.jpg\" data-parallax=\"10\" data-no-retina>\n<!--\n\t\t\t\t\t\t\t--><h2\n\t\t\t\t\t\t\t\tid=\"slider-1-slide-5-layer-1\" \n\t\t\t\t\t\t\t\tclass=\"rs-layer\"\n\t\t\t\t\t\t\t\tdata-type=\"text\"\n\t\t\t\t\t\t\t\tdata-color=\"rgba(255, 255, 255, 1)\"\n\t\t\t\t\t\t\t\tdata-rsp_ch=\"on\"\n\t\t\t\t\t\t\t\tdata-xy=\"x:l,l,c,c;xo:100px,100px,0,0;y:m;yo:-120px,-120px,-70px,-40px;\"\n\t\t\t\t\t\t\t\tdata-text=\"w:nowrap,nowrap,nowrap,normal;s:42,42,36,25;l:25,25,40,35;ls:-1px;fw:700,700,400,400;a:left,left,left,center;\"\n\t\t\t\t\t\t\t\tdata-dim=\"w:auto,auto,auto,321px;\"\n\t\t\t\t\t\t\t\tdata-padding=\"t:10;b:10;\"\n\t\t\t\t\t\t\t\tdata-frame_0=\"tp:600;\"\n\t\t\t\t\t\t\t\tdata-frame_1=\"tp:600;st:500;sp:1000;sR:500;\"\n\t\t\t\t\t\t\t\tdata-frame_999=\"o:0;tp:600;st:w;sR:7500;\"\n\t\t\t\t\t\t\t\tstyle=\"z-index:5;font-family:'inherit';\"\n\t\t\t\t\t\t\t>Agile review-inspection of regulation and restrictions \n\t\t\t\t\t\t\t<\/h2><!--\n\n\t\t\t\t\t\t\t--><p\n\t\t\t\t\t\t\t\tid=\"slider-1-slide-5-layer-4\" \n\t\t\t\t\t\t\t\tclass=\"rs-layer NotGeneric-SubTitle\"\n\t\t\t\t\t\t\t\tdata-type=\"text\"\n\t\t\t\t\t\t\t\tdata-color=\"rgba(255, 255, 255, 1)\"\n\t\t\t\t\t\t\t\tdata-rsp_ch=\"on\"\n\t\t\t\t\t\t\t\tdata-xy=\"x:l,l,c,c;xo:100px,100px,0,0;y:m;yo:-50px,-50px,0,51px;\"\n\t\t\t\t\t\t\t\tdata-text=\"w:normal,normal,normal,nowrap;s:18,18,14,13;l:28,28,24,20;fw:400,400,500,500;a:left,left,center,left;\"\n\t\t\t\t\t\t\t\tdata-dim=\"w:612px,612px,500px,auto;\"\n\t\t\t\t\t\t\t\tdata-vbility=\"t,t,t,f\"\n\t\t\t\t\t\t\t\tdata-frame_0=\"tp:600;\"\n\t\t\t\t\t\t\t\tdata-frame_1=\"tp:600;st:500;sp:1000;sR:500;\"\n\t\t\t\t\t\t\t\tdata-frame_999=\"o:0;tp:600;st:w;sR:7500;\"\n\t\t\t\t\t\t\t\tstyle=\"z-index:6;font-family:'inherit';letter-spacing:4px;text-align:left;\"\n\t\t\t\t\t\t\t>We avoid problemes related with customs, through identification and compliance of regulations before cargo leaves it origin country. \n\t\t\t\t\t\t\t<\/p><!--\n-->\t\t\t\t\t<\/rs-slide>\n\t\t\t\t\t<\/rs-slides>\n\t\t\t\t<\/rs-module>\n\t\t\t\t<script>\n\t\t\t\t\tsetREVStartSize({c: 'rev_slider_1_1',rl:[1240,1240,778,480],el:[],gw:[1410,1410,778,380],gh:[730,730,500,400],type:'standard',justify:'',layout:'fullwidth',mh:\"0\"});if (window.RS_MODULES!==undefined && window.RS_MODULES.modules!==undefined && window.RS_MODULES.modules[\"revslider11\"]!==undefined) {window.RS_MODULES.modules[\"revslider11\"].once = false;window.revapi1 = undefined;if (window.RS_MODULES.checkMinimal!==undefined) window.RS_MODULES.checkMinimal()}\n\t\t\t\t<\/script>\n\t\t\t<\/rs-module-wrap>\n\t\t\t<!-- END REVOLUTION SLIDER -->\n[\/vc_column][\/vc_row][vc_row][vc_column css_animation=&#8221;fadeInDown&#8221; css=&#8221;.vc_custom_1641337121205{margin-top: -40px !important;padding-top: 5px !important;background-color: #4698cb !important;}&#8221;]<header class=\"kd-section-title col-lg-12 text-center     vc_custom_1641337079870\" ><h2 class=\"separator_off\" style=\"color: #201547;\">\u00bfHaces o planeas realizar operaciones de comercio exterior?<\/h2><h6 class=\"subtitle \" style=\"color: #f9f9f9;\">Te brindamos la mejor soluci\u00f3n para el \u00e9xito de tu empresa o negocio, perm\u00edtenos conocer tu requerimiento<\/h6><\/header>[vc_btn title=&#8221;\u00a1Solicita aqui tu cotizaci\u00f3n!&#8221; style=&#8221;3d&#8221; color=&#8221;white&#8221; size=&#8221;lg&#8221; align=&#8221;center&#8221; link=&#8221;url:https%3A%2F%2Fsilogiat.net%2Fes%2Fsolicitud-de-cotizacion%2F|||&#8221;][\/vc_column][\/vc_row][vc_row][vc_column width=&#8221;1\/3&#8243;]<div class=\"kd-photobox  \" ><div class=\"photobox-img\"><img loading=\"lazy\" decoding=\"async\" width=\"300\" height=\"204\" src=\"https:\/\/silogiat.net\/es\/wp-content\/uploads\/2018\/07\/BOX_001.png\" class=\"attachment-full\" alt=\"\" title=\"BOX_001\" \/><\/div><div class=\"phb-content text-left \" >\n                  <h4 >Planificaci\u00f3n Integral Puerta a Puerta<\/h4>\n                  <p >Servicio de cobertura completa, recolectamos en la f\u00e1brica de tu proveedor y entregamos en tu almac\u00e9n. Enf\u00f3cate en tu negocio y perm\u00edtenos ayudarte en la coordinaci\u00f3n logistica.<\/p><\/div><\/div>[\/vc_column][vc_column width=&#8221;1\/3&#8243;]<div class=\"kd-photobox  \" ><div class=\"photobox-img\"><img loading=\"lazy\" decoding=\"async\" width=\"300\" height=\"200\" src=\"https:\/\/silogiat.net\/es\/wp-content\/uploads\/2018\/07\/BOX_002.png\" class=\"attachment-full\" alt=\"\" title=\"BOX_002\" \/><\/div><div class=\"phb-content text-left \" >\n                  <h4 >Servicios especializados para las MiPyME<\/h4>\n                  <p >Cuidamos tus operaciones de comercio exterior, te llevamos de la mano en cada paso y cuidamos los detalles operativos. Encuentra con nosotros la asesor\u00eda personalizada que necesitas.<\/p><\/div><\/div>[\/vc_column][vc_column width=&#8221;1\/3&#8243;]<div class=\"kd-photobox  \" ><div class=\"photobox-img\"><img loading=\"lazy\" decoding=\"async\" width=\"300\" height=\"204\" src=\"https:\/\/silogiat.net\/es\/wp-content\/uploads\/2018\/07\/BOX_003.png\" class=\"attachment-full\" alt=\"\" title=\"BOX_003\" \/><\/div><div class=\"phb-content text-left \" >\n                  <h4 >Manejamos cargas especiales<\/h4>\n                  <p >Toda carga perecedera, peligrosa o sobredimensionada requiere condiciones especiales de servicio. Contamos con el equipo profesional para manejar tu log\u00edstica con \u00e9xito y el mejor costo.<\/p><\/div><\/div>[\/vc_column][\/vc_row][vc_row full_width=&#8221;stretch_row_content&#8221; css=&#8221;.vc_custom_1577772933416{background-image: url(https:\/\/silogiat.net\/es\/wp-content\/uploads\/2018\/07\/WALLPAPER02.jpg?id=6498) !important;}&#8221;][vc_column width=&#8221;1\/2&#8243;][\/vc_column][vc_column width=&#8221;1\/2&#8243;][vc_empty_space height=&#8221;70 px&#8221;]<header class=\"kd-section-title col-lg-12 text-left    \" ><h2 class=\"separator_off\" style=\"color: #ffffff;\">Soluciones personalizadas para tu cadena internacional de suministros<\/h2><h6 class=\"subtitle \" style=\"color: #ffffff;\">Te ofrecemos flexibilidad para planificar un modelo de trabajo, acorde a la necesidad de tu empresa. Coordinaremos con todos sus departamentos una operaci\u00f3n profesional y segura.<\/h6><\/header>[vc_empty_space][vc_row_inner][vc_column_inner width=&#8221;1\/2&#8243;]<div class=\"kd_counter  large-counter  \" ><div class=\"kd_counter_content\"><h4 class=\"kd_counter_number\"><span class=\"kd_number_string\" style=\"color: #ffffff;\" data-from=\"0\" data-to=\"10\" data-refresh-interval=\"50\">0<\/span>\n                                  <span class=\"kd_counter_units\" style=\"color: rgba(255,255,255,0.5);\">+<\/span><\/h4><div class=\"kd_counter_text\" ><\/div><\/div><\/div><div class=\"key-icon-box icon-default icon-top cont-center   \" style=\"background-color: none; \" ><i class=\" fa\" style=\" \"><\/i> <h4 class=\"service-heading\" style=\"color: #ffffff;\">A\u00f1os de experiencia<\/h4><p style=\"color: #ffffff;\">Desde nuestra creaci\u00f3n, hemos buscado generar soluciones a medida y optimizar sus procesos de compra y venta internacionales. Nuestra experiencia nos avala.<\/p><\/div>[vc_empty_space height=&#8221;70px&#8221;][\/vc_column_inner][vc_column_inner width=&#8221;1\/2&#8243;]<div class=\"kd_counter  large-counter  \" ><div class=\"kd_counter_content\"><h4 class=\"kd_counter_number\"><span class=\"kd_number_string\" style=\"color: #ffffff;\" data-from=\"0\" data-to=\"97\" data-refresh-interval=\"50\">0<\/span>\n                                  <span class=\"kd_counter_units\" style=\"color: rgba(255,255,255,0.5);\">%<\/span><\/h4><div class=\"kd_counter_text\" ><\/div><\/div><\/div><div class=\"key-icon-box icon-default icon-top cont-center   \" style=\"background-color: none; \" ><i class=\" fa\" style=\" \"><\/i> <h4 class=\"service-heading\" style=\"color: #ffffff;\">Efectividad operativa<\/h4><p style=\"color: #ffffff;\">\u00cdndice de desempe\u00f1o sobre nuestro resultado contra costo y tiempo estimado.<\/p><\/div>[vc_empty_space height=&#8221;70px&#8221;][\/vc_column_inner][\/vc_row_inner][\/vc_column][\/vc_row][vc_row full_width=&#8221;stretch_row_content&#8221; css=&#8221;.vc_custom_1577775105437{background-image: url(https:\/\/silogiat.net\/es\/wp-content\/uploads\/2018\/07\/WALLPAPER03_h.png?id=6512) !important;}&#8221;][vc_column][vc_row_inner][vc_column_inner width=&#8221;1\/3&#8243;][\/vc_column_inner][vc_column_inner width=&#8221;1\/3&#8243;][\/vc_column_inner][vc_column_inner width=&#8221;1\/3&#8243;][\/vc_column_inner][\/vc_row_inner][\/vc_column][\/vc_row][vc_row full_width=&#8221;stretch_row_content&#8221; css=&#8221;.vc_custom_1577776117588{background-color: rgba(255,255,255,0.44) !important;*background-color: rgb(255,255,255) !important;}&#8221;][vc_column][vc_empty_space height=&#8221;70px&#8221;]<header class=\"kd-section-title col-lg-12 text-center    \" ><h2 class=\"separator_off\" >Elementos que definen el \u00e9xito en nuestra gesti\u00f3n log\u00edstica de la Cadena Internacional de Suministros <\/h2><\/header>[vc_empty_space height=&#8221;70px&#8221;][\/vc_column][\/vc_row][vc_row full_width=&#8221;stretch_row_content&#8221;][vc_column]\r\n            <div class=\"kd-process-steps process_three_elem process-checkbox-template \">\r\n                <ul>\r\n                <li class=\"pss-item\" >\r\n                    <div class=\"pss-container  \" ><div class=\"pss-step-number\"><span >1<\/span><\/div><div class=\"pss-text-area\">\r\n                            <h4 >Planeaci\u00f3n y costeo operativo<\/h4>\r\n                            <p >Nos enfocamos en tu objetivo operacional o comercial. Dise\u00f1amos un esquema de acci\u00f3n que optimice tiempo y costo. Trabajaremos dentro de los l\u00edmites establecidos y evitaremos COSTOS INNECESARIOS (Almacenamiento \/ Demoras).<\/p><\/div>\r\n                    <\/div>\r\n                <\/li>\r\n                <li class=\"pss-item\" >\r\n                    <div class=\"pss-container  \" ><div class=\"pss-step-number\"><span >2<\/span><\/div><div class=\"pss-text-area\">\r\n                            <h4 >Cumplimiento Integral Aduanero<\/h4>\r\n                            <p >Planificamos tu expediente operativo y administrativo. Generamos control sobre los documentos operativos (Factura, PL, B \/ L,) y monitoreamos el cumplimiento de las Regulaciones No Arancelarias. Protegemos su seguridad fiscal y legal.<\/p><\/div>\r\n                    <\/div>\r\n                <\/li>\r\n                <li class=\"pss-item\" >\r\n                    <div class=\"pss-container  \" ><div class=\"pss-step-number\"><span >3<\/span><\/div><div class=\"pss-text-area\">\r\n                            <h4 >Control administrativo y \u00e1gil toma de decisiones<\/h4>\r\n                            <p >Nuestro compromiso es anticiparnos a los efectos negativos mediante informaci\u00f3n oportuna. A trav\u00e9s de nuestro sistema de avisos y comunicaci\u00f3n continua tendr\u00e1s elementos importantes en la toma de decisiones para tu empresa. Facturaci\u00f3n y simplificaci\u00f3n de documentos a trav\u00e9s de una sola entidad.<\/p><\/div>\r\n                    <\/div>\r\n                <\/li><\/ul>\r\n            <\/div>[\/vc_column][\/vc_row][vc_row full_width=&#8221;stretch_row_content&#8221; css=&#8221;.vc_custom_1577775415477{background-image: url(https:\/\/silogiat.net\/es\/wp-content\/uploads\/2018\/07\/WALLPAPER03_h.png?id=6512) !important;}&#8221;][vc_column width=&#8221;1\/3&#8243;][vc_empty_space height=&#8221;80px&#8221;]<div class=\"key-icon-box icon-default icon-left cont-left with-border  \" style=\"background-color: rgba(147,147,147,0.5); border: 1px solid #ffffff;\" ><div class=\"ib-wrapper\"><i class=\"iconsmind-Global-Position fa\" style=\" color: #ffffff;\"><\/i> <h6 class=\"service-heading\" style=\"color: #ffffff;\">Red Log\u00edstica Global<\/h6><p style=\"color: #f4f4f4;\">Tenemos v\u00ednculos operativos y comerciales con Operadores Log\u00edsticos en los principales pa\u00edses con los que M\u00e9xico tiene comercio. Cubrimos sus operaciones globales con el mundo.<\/p><\/div><\/div>[vc_empty_space][\/vc_column][vc_column width=&#8221;1\/3&#8243;][vc_empty_space height=&#8221;80px&#8221;]<div class=\"key-icon-box icon-default icon-left cont-left with-border  \" style=\"background-color: rgba(147,147,147,0.5); border: 1px solid #ffffff;\" ><div class=\"ib-wrapper\"><i class=\"iconsmind-Address-Book fa\" style=\" color: #ffffff;\"><\/i> <h6 class=\"service-heading\" style=\"color: #ffffff;\">Soporte Aduanal Especializado<\/h6><p style=\"color: #f4f4f4;\">Trabajamos con Agentes de Aduanas con patente propia y ubicados en las principales Aduanas de M\u00e9xico. Le damos seguridad a su operaci\u00f3n y acceso a toda la informaci\u00f3n que necesite.<\/p><\/div><\/div>[vc_empty_space][\/vc_column][vc_column width=&#8221;1\/3&#8243;][vc_empty_space height=&#8221;80px&#8221;]<div class=\"key-icon-box icon-default icon-left cont-left with-border  \" style=\"background-color: rgba(147,147,147,0.5); border: 1px solid #ffffff;\" ><div class=\"ib-wrapper\"><i class=\"iconsmind-Pencil-Ruler fa\" style=\" color: #ffffff;\"><\/i> <h6 class=\"service-heading\" style=\"color: #ffffff;\">Servicios hechos a la medida<\/h6><p style=\"color: #f4f4f4;\">La gesti\u00f3n de nuestro servicio log\u00edstico se basar\u00e1 en la selecci\u00f3n de los mejores proveedores de servicios de transporte y gesti\u00f3n de carga, para optimizar tiempos y costos. Facilitamos la elecci\u00f3n de alternativas.<\/p><\/div><\/div>[vc_empty_space][\/vc_column][\/vc_row][vc_row full_width=&#8221;stretch_row_content&#8221; css=&#8221;.vc_custom_1641343012294{padding-top: 40px !important;background-color: #dbdbdb !important;}&#8221;][vc_column width=&#8221;1\/2&#8243;]<header class=\"kd-section-title col-lg-12 text-center    \" ><h3 class=\"separator_off\" style=\"color: #0a0045;\">Our operative offices:<\/h3><\/header>[vc_empty_space height=&#8221;60px&#8221;][vc_single_image image=&#8221;6822&#8243; img_size=&#8221;large&#8221; alignment=&#8221;center&#8221; css_animation=&#8221;fadeInLeft&#8221;][\/vc_column][vc_column width=&#8221;1\/2&#8243;][vc_empty_space height=&#8221;60px&#8221;]<header class=\"kd-section-title col-lg-12 text-center    \" ><h2 class=\"separator_off\" style=\"color: #0a0045;\">Contact us!<\/h2><\/header>[vc_column_text]<\/p>\n<p style=\"text-align: center;\">Sent to us your inquiry &amp; comments:<\/p>\n<p>[\/vc_column_text]<div class=\"kd-contact-form full-width-cf \">\n<div class=\"wpcf7 no-js\" id=\"wpcf7-f5208-o1\" lang=\"en-US\" dir=\"ltr\" data-wpcf7-id=\"5208\">\n<div class=\"screen-reader-response\"><p role=\"status\" aria-live=\"polite\" aria-atomic=\"true\"><\/p> <ul><\/ul><\/div>\n<form action=\"\/es\/wp-json\/wp\/v2\/pages\/4948#wpcf7-f5208-o1\" method=\"post\" class=\"wpcf7-form init\" aria-label=\"Contact form\" novalidate=\"novalidate\" data-status=\"init\">\n<div style=\"display: none;\">\n<input type=\"hidden\" name=\"_wpcf7\" value=\"5208\" \/>\n<input type=\"hidden\" name=\"_wpcf7_version\" value=\"6.0.6\" \/>\n<input type=\"hidden\" name=\"_wpcf7_locale\" value=\"en_US\" \/>\n<input type=\"hidden\" name=\"_wpcf7_unit_tag\" value=\"wpcf7-f5208-o1\" \/>\n<input type=\"hidden\" name=\"_wpcf7_container_post\" value=\"0\" \/>\n<input type=\"hidden\" name=\"_wpcf7_posted_data_hash\" value=\"\" \/>\n<\/div>\n<p><span class=\"wpcf7-form-control-wrap\" data-name=\"text-903\"><input size=\"40\" maxlength=\"400\" class=\"wpcf7-form-control wpcf7-text wpcf7-validates-as-required\" aria-required=\"true\" aria-invalid=\"false\" placeholder=\"Your name\" value=\"\" type=\"text\" name=\"text-903\" \/><\/span><br \/>\n<span class=\"wpcf7-form-control-wrap\" data-name=\"email-395\"><input size=\"40\" maxlength=\"400\" class=\"wpcf7-form-control wpcf7-email wpcf7-validates-as-required wpcf7-text wpcf7-validates-as-email\" aria-required=\"true\" aria-invalid=\"false\" placeholder=\"Your email\" value=\"\" type=\"email\" name=\"email-395\" \/><\/span><br \/>\n<span class=\"wpcf7-form-control-wrap\" data-name=\"textarea-387\"><textarea cols=\"40\" rows=\"10\" maxlength=\"2000\" class=\"wpcf7-form-control wpcf7-textarea\" aria-invalid=\"false\" placeholder=\"Your message\" name=\"textarea-387\"><\/textarea><\/span><br \/>\n<input class=\"wpcf7-form-control wpcf7-submit has-spinner\" type=\"submit\" value=\"Send Message\" \/>\n<\/p><div class=\"wpcf7-response-output\" aria-hidden=\"true\"><\/div>\n<\/form>\n<\/div>\n<\/div>[\/vc_column][\/vc_row][vc_row][vc_column][\/vc_column][\/vc_row]<\/p>\n<\/div>","protected":false},"excerpt":{"rendered":"<p>[vc_row][vc_column][\/vc_column][\/vc_row][vc_row][vc_column css_animation=&#8221;fadeInDown&#8221; css=&#8221;.vc_custom_1641337121205{margin-top: -40px !important;padding-top: 5px !important;background-color: #4698cb !important;}&#8221;][vc_btn title=&#8221;\u00a1Solicita aqui tu cotizaci\u00f3n!&#8221; style=&#8221;3d&#8221; color=&#8221;white&#8221; size=&#8221;lg&#8221; align=&#8221;center&#8221; link=&#8221;url:https%3A%2F%2Fsilogiat.net%2Fes%2Fsolicitud-de-cotizacion%2F|||&#8221;][\/vc_column][\/vc_row][vc_row][vc_column width=&#8221;1\/3&#8243;][\/vc_column][vc_column width=&#8221;1\/3&#8243;][\/vc_column][vc_column width=&#8221;1\/3&#8243;][\/vc_column][\/vc_row][vc_row full_width=&#8221;stretch_row_content&#8221; css=&#8221;.vc_custom_1577772933416{background-image: url(https:\/\/silogiat.net\/es\/wp-content\/uploads\/2018\/07\/WALLPAPER02.jpg?id=6498) !important;}&#8221;][vc_column width=&#8221;1\/2&#8243;][\/vc_column][vc_column width=&#8221;1\/2&#8243;][vc_empty_space [&hellip;]<\/p>\n","protected":false},"author":1,"featured_media":0,"parent":0,"menu_order":0,"comment_status":"closed","ping_status":"closed","template":"","meta":{"footnotes":""},"class_list":["post-4948","page","type-page","status-publish","hentry"],"_links":{"self":[{"href":"https:\/\/silogiat.net\/es\/wp-json\/wp\/v2\/pages\/4948","targetHints":{"allow":["GET"]}}],"collection":[{"href":"https:\/\/silogiat.net\/es\/wp-json\/wp\/v2\/pages"}],"about":[{"href":"https:\/\/silogiat.net\/es\/wp-json\/wp\/v2\/types\/page"}],"author":[{"embeddable":true,"href":"https:\/\/silogiat.net\/es\/wp-json\/wp\/v2\/users\/1"}],"replies":[{"embeddable":true,"href":"https:\/\/silogiat.net\/es\/wp-json\/wp\/v2\/comments?post=4948"}],"version-history":[{"count":47,"href":"https:\/\/silogiat.net\/es\/wp-json\/wp\/v2\/pages\/4948\/revisions"}],"predecessor-version":[{"id":6854,"href":"https:\/\/silogiat.net\/es\/wp-json\/wp\/v2\/pages\/4948\/revisions\/6854"}],"wp:attachment":[{"href":"https:\/\/silogiat.net\/es\/wp-json\/wp\/v2\/media?parent=4948"}],"curies":[{"name":"wp","href":"https:\/\/api.w.org\/{rel}","templated":true}]}}